{"id":734,"date":"2024-08-16T09:34:44","date_gmt":"2024-08-16T09:34:44","guid":{"rendered":"https:\/\/cran.be\/home-2\/"},"modified":"2025-08-28T18:03:37","modified_gmt":"2025-08-28T18:03:37","slug":"home-2","status":"publish","type":"page","link":"https:\/\/cran.be\/nl\/","title":{"rendered":"Home"},"content":{"rendered":"<p>[et_pb_section fb_built=&#8221;1&#8243; admin_label=&#8221;Services&#8221; _builder_version=&#8221;4.27.0&#8243; _module_preset=&#8221;default&#8221; background_enable_color=&#8221;off&#8221; use_background_color_gradient=&#8221;on&#8221; background_color_gradient_stops=&#8221;#e9edf4 0%|#ffffff 100%&#8221; background_color_gradient_start=&#8221;#e9edf4&#8243; background_color_gradient_end=&#8221;#ffffff&#8221; background_enable_image=&#8221;off&#8221; background_size=&#8221;contain&#8221; background_position=&#8221;bottom_left&#8221; custom_padding=&#8221;0px||||false|false&#8221; background_last_edited=&#8221;on|phone&#8221; background_enable_image_phone=&#8221;off&#8221; locked=&#8221;off&#8221; global_colors_info=&#8221;{}&#8221;][et_pb_row _builder_version=&#8221;4.16&#8243; _module_preset=&#8221;default&#8221; width=&#8221;53%&#8221; width_tablet=&#8221;80%&#8221; width_phone=&#8221;&#8221; width_last_edited=&#8221;on|tablet&#8221; max_width=&#8221;none&#8221; custom_margin=&#8221;|auto|51px|auto||&#8221; custom_padding=&#8221;0px||0px|||&#8221; global_colors_info=&#8221;{}&#8221;][et_pb_column type=&#8221;4_4&#8243; _builder_version=&#8221;4.16&#8243; _module_preset=&#8221;default&#8221; global_colors_info=&#8221;{}&#8221;][et_pb_blurb content_max_width=&#8221;100%&#8221; _builder_version=&#8221;4.27.0&#8243; _module_preset=&#8221;06969147-9a7c-4899-b0e6-f79cd0942a8e&#8221; header_font=&#8221;Oswald|500||on|||||&#8221; header_text_color=&#8221;#1a202c&#8221; header_font_size=&#8221;20px&#8221; header_line_height=&#8221;1.3em&#8221; body_font=&#8221;Poppins|500|||||||&#8221; body_text_color=&#8221;RGBA(0,0,0,0.55)&#8221; body_line_height=&#8221;1.6em&#8221; text_orientation=&#8221;center&#8221; animation=&#8221;off&#8221; global_colors_info=&#8221;{}&#8221;][\/et_pb_blurb][et_pb_blurb title=&#8221;CRAN&#8221; content_max_width=&#8221;100%&#8221; _builder_version=&#8221;4.27.0&#8243; _module_preset=&#8221;06969147-9a7c-4899-b0e6-f79cd0942a8e&#8221; header_font=&#8221;Abhaya Libre|700||on|||||&#8221; header_text_align=&#8221;center&#8221; header_text_color=&#8221;#d19960&#8243; header_font_size=&#8221;90px&#8221; header_line_height=&#8221;1.3em&#8221; body_font=&#8221;Poppins|500|||||||&#8221; body_text_color=&#8221;RGBA(0,0,0,0.55)&#8221; body_font_size=&#8221;25px&#8221; body_line_height=&#8221;1.6em&#8221; text_orientation=&#8221;center&#8221; animation=&#8221;off&#8221; global_colors_info=&#8221;{}&#8221;]<\/p>\n<p>Academische expertise en adviesbureau gespecialiseerd in het bestuur en de dynamiek van familiebedrijven<\/p>\n<p>[\/et_pb_blurb][\/et_pb_column][\/et_pb_row][et_pb_row _builder_version=&#8221;4.16&#8243; _module_preset=&#8221;default&#8221; global_colors_info=&#8221;{}&#8221;][et_pb_column type=&#8221;4_4&#8243; _builder_version=&#8221;4.16&#8243; _module_preset=&#8221;default&#8221; global_colors_info=&#8221;{}&#8221;][et_pb_blurb title=&#8221;MISSIE&#8221; use_icon=&#8221;on&#8221; font_icon=&#8221;&#xf140;||fa||900&#8243; image_icon_width=&#8221;42px&#8221; content_max_width=&#8221;100%&#8221; _builder_version=&#8221;4.27.0&#8243; _module_preset=&#8221;06969147-9a7c-4899-b0e6-f79cd0942a8e&#8221; header_font=&#8221;Oswald|500||on|||||&#8221; header_text_color=&#8221;#1a202c&#8221; header_font_size=&#8221;20px&#8221; header_line_height=&#8221;1.3em&#8221; body_font=&#8221;Poppins|500|||||||&#8221; body_text_color=&#8221;RGBA(0,0,0,0.55)&#8221; body_font_size=&#8221;20px&#8221; body_line_height=&#8221;1.6em&#8221; text_orientation=&#8221;center&#8221; animation=&#8221;off&#8221; locked=&#8221;off&#8221; global_colors_info=&#8221;{}&#8221;]<\/p>\n<p style=\"text-align: center;\">Bruggen bouwen tussen onderzoek en praktijk om verschillende perspectieven, denkwijzen en oplossingen te bieden aan familiebedrijven en hun belanghebbenden<\/p>\n<p>[\/et_pb_blurb][et_pb_blurb title=&#8221;WERKGEBIEDEN&#8221; use_icon=&#8221;on&#8221; font_icon=&#8221;&#xf542;||fa||900&#8243; image_icon_width=&#8221;42px&#8221; content_max_width=&#8221;100%&#8221; _builder_version=&#8221;4.27.0&#8243; _module_preset=&#8221;06969147-9a7c-4899-b0e6-f79cd0942a8e&#8221; header_font=&#8221;Oswald|500||on|||||&#8221; header_text_color=&#8221;#1a202c&#8221; header_font_size=&#8221;20px&#8221; header_line_height=&#8221;1.3em&#8221; body_font=&#8221;Poppins|500|||||||&#8221; body_text_color=&#8221;RGBA(0,0,0,0.55)&#8221; body_font_size=&#8221;20px&#8221; body_line_height=&#8221;1.6em&#8221; text_orientation=&#8221;center&#8221; animation=&#8221;off&#8221; locked=&#8221;off&#8221; global_colors_info=&#8221;{}&#8221;]<\/p>\n<p style=\"text-align: center;\">Co\u00f6rdinatie &#8211; Onderzoek &#8211; Analyse &#8211; Onderhandeling<\/p>\n<p>[\/et_pb_blurb][et_pb_blurb title=&#8221;FOUNDER  &#8221; use_icon=&#8221;on&#8221; font_icon=&#8221;&#xf0c0;||fa||900&#8243; image_icon_width=&#8221;42px&#8221; content_max_width=&#8221;100%&#8221; _builder_version=&#8221;4.27.0&#8243; _module_preset=&#8221;06969147-9a7c-4899-b0e6-f79cd0942a8e&#8221; header_font=&#8221;Oswald|500||on|||||&#8221; header_text_color=&#8221;#1a202c&#8221; header_font_size=&#8221;20px&#8221; header_line_height=&#8221;1.3em&#8221; body_font=&#8221;Poppins|500|||||||&#8221; body_text_color=&#8221;RGBA(0,0,0,0.55)&#8221; body_font_size=&#8221;20px&#8221; body_line_height=&#8221;1.6em&#8221; text_orientation=&#8221;center&#8221; animation=&#8221;off&#8221; locked=&#8221;off&#8221; global_colors_info=&#8221;{}&#8221;]<\/p>\n<p style=\"text-align: center;\">Prof. dr. Rapha\u00eblle Mattart<\/p>\n<p style=\"text-align: center;\"><a href=\"mailto:Rm@cran.be\">Rm@cran.be<\/a><\/p>\n<p style=\"text-align: center;\"><a href=\"https:\/\/www.linkedin.com\/in\/rapha%C3%ABlle-mattart\/\" title=\"Neem contact met mij op via LinkedIn\">Neem contact met mij op via LinkedIn<\/a><\/p>\n<p>[\/et_pb_blurb][\/et_pb_column][\/et_pb_row][\/et_pb_section][et_pb_section fb_built=&#8221;1&#8243; _builder_version=&#8221;4.27.0&#8243; _module_preset=&#8221;default&#8221; background_enable_color=&#8221;off&#8221; use_background_color_gradient=&#8221;on&#8221; background_color_gradient_stops=&#8221;#e9edf4 0%|#ffffff 100%&#8221; background_color_gradient_start=&#8221;#e9edf4&#8243; background_color_gradient_end=&#8221;#ffffff&#8221; background_enable_image=&#8221;off&#8221; background_size=&#8221;contain&#8221; background_position=&#8221;bottom_left&#8221; custom_padding=&#8221;0px||||false|false&#8221; background_last_edited=&#8221;on|phone&#8221; background_enable_image_phone=&#8221;off&#8221; locked=&#8221;off&#8221; global_colors_info=&#8221;{}&#8221; theme_builder_area=&#8221;post_content&#8221;][et_pb_row _builder_version=&#8221;4.27.0&#8243; _module_preset=&#8221;default&#8221; global_colors_info=&#8221;{}&#8221; theme_builder_area=&#8221;post_content&#8221;][et_pb_column type=&#8221;4_4&#8243; _builder_version=&#8221;4.27.0&#8243; _module_preset=&#8221;default&#8221; global_colors_info=&#8221;{}&#8221; theme_builder_area=&#8221;post_content&#8221;][et_pb_text _builder_version=&#8221;4.27.0&#8243; _module_preset=&#8221;default&#8221; header_font=&#8221;Abhaya Libre||||||||&#8221; header_text_color=&#8221;#d19960&#8243; header_font_size=&#8221;90px&#8221; custom_padding=&#8221;||30px|||&#8221; global_colors_info=&#8221;{}&#8221; theme_builder_area=&#8221;post_content&#8221;]<\/p>\n<h1 style=\"text-align: center;\"><strong>CRAN<\/strong><\/h1>\n<p>[\/et_pb_text][\/et_pb_column][\/et_pb_row][et_pb_row column_structure=&#8221;1_4,1_4,1_4,1_4&#8243; make_equal=&#8221;on&#8221; _builder_version=&#8221;4.27.0&#8243; _module_preset=&#8221;default&#8221; width=&#8221;100%&#8221; custom_margin=&#8221;|auto|||false|false&#8221; global_colors_info=&#8221;{}&#8221; theme_builder_area=&#8221;post_content&#8221;][et_pb_column type=&#8221;1_4&#8243; _builder_version=&#8221;4.16&#8243; _module_preset=&#8221;default&#8221; global_colors_info=&#8221;{}&#8221; theme_builder_area=&#8221;post_content&#8221;][et_pb_blurb image=&#8221;https:\/\/cran.be\/wp-content\/uploads\/2024\/08\/Icones1.png&#8221; content_max_width=&#8221;100%&#8221; _builder_version=&#8221;4.27.0&#8243; _module_preset=&#8221;06969147-9a7c-4899-b0e6-f79cd0942a8e&#8221; header_level=&#8221;h2&#8243; header_font=&#8221;Oswald|500||on|||||&#8221; header_text_align=&#8221;center&#8221; header_text_color=&#8221;#E02B20&#8243; header_font_size=&#8221;20px&#8221; header_line_height=&#8221;1.3em&#8221; body_font=&#8221;Oswald|500||on|||||&#8221; body_text_color=&#8221;RGBA(0,0,0,0.55)&#8221; body_font_size=&#8221;27px&#8221; body_line_height=&#8221;1.6em&#8221; text_orientation=&#8221;center&#8221; background_layout=&#8221;dark&#8221; animation=&#8221;off&#8221; locked=&#8221;off&#8221; global_colors_info=&#8221;{}&#8221; theme_builder_area=&#8221;post_content&#8221;]<\/p>\n<p style=\"text-align: center;\"><span style=\"color: #993300;\">CO\u00d6RDINATIE<\/span><\/p>\n<p>[\/et_pb_blurb][et_pb_blurb content_max_width=&#8221;100%&#8221; _builder_version=&#8221;4.27.0&#8243; _module_preset=&#8221;06969147-9a7c-4899-b0e6-f79cd0942a8e&#8221; header_level=&#8221;h2&#8243; header_font=&#8221;Oswald|500||on|||||&#8221; header_text_align=&#8221;center&#8221; header_text_color=&#8221;#E02B20&#8243; header_font_size=&#8221;20px&#8221; header_line_height=&#8221;1.3em&#8221; body_font=&#8221;Poppins|500|||||||&#8221; body_text_color=&#8221;RGBA(0,0,0,0.55)&#8221; body_font_size=&#8221;17px&#8221; body_line_height=&#8221;1.6em&#8221; text_orientation=&#8221;center&#8221; animation=&#8221;off&#8221; locked=&#8221;off&#8221; global_colors_info=&#8221;{}&#8221; theme_builder_area=&#8221;post_content&#8221;]<\/p>\n<p style=\"text-align: center;\">Co\u00f6rdinatie van familiedynamiek als buitenstaander in bepaalde bestuursorganen<\/p>\n<p>[\/et_pb_blurb][\/et_pb_column][et_pb_column type=&#8221;1_4&#8243; _builder_version=&#8221;4.16&#8243; _module_preset=&#8221;default&#8221; global_colors_info=&#8221;{}&#8221; theme_builder_area=&#8221;post_content&#8221;][et_pb_blurb image=&#8221;https:\/\/cran.be\/wp-content\/uploads\/2024\/08\/Icones23.png&#8221; content_max_width=&#8221;100%&#8221; _builder_version=&#8221;4.27.0&#8243; _module_preset=&#8221;06969147-9a7c-4899-b0e6-f79cd0942a8e&#8221; header_level=&#8221;h2&#8243; header_font=&#8221;Oswald|500||on|||||&#8221; header_text_align=&#8221;center&#8221; header_text_color=&#8221;#E02B20&#8243; header_font_size=&#8221;20px&#8221; header_line_height=&#8221;1.3em&#8221; body_font=&#8221;Oswald|500||on|||||&#8221; body_text_color=&#8221;RGBA(0,0,0,0.55)&#8221; body_font_size=&#8221;27px&#8221; body_line_height=&#8221;1.6em&#8221; text_orientation=&#8221;center&#8221; background_layout=&#8221;dark&#8221; animation=&#8221;off&#8221; locked=&#8221;off&#8221; global_colors_info=&#8221;{}&#8221; theme_builder_area=&#8221;post_content&#8221;]<\/p>\n<p style=\"text-align: center;\"><span style=\"color: #993300;\">ZOEK<\/span><\/p>\n<p>[\/et_pb_blurb][et_pb_blurb content_max_width=&#8221;100%&#8221; _builder_version=&#8221;4.27.0&#8243; _module_preset=&#8221;06969147-9a7c-4899-b0e6-f79cd0942a8e&#8221; header_level=&#8221;h2&#8243; header_font=&#8221;Oswald|500||on|||||&#8221; header_text_align=&#8221;center&#8221; header_text_color=&#8221;#E02B20&#8243; header_font_size=&#8221;20px&#8221; header_line_height=&#8221;1.3em&#8221; body_font=&#8221;Poppins|500|||||||&#8221; body_text_color=&#8221;RGBA(0,0,0,0.55)&#8221; body_font_size=&#8221;17px&#8221; body_line_height=&#8221;1.6em&#8221; text_orientation=&#8221;center&#8221; animation=&#8221;off&#8221; locked=&#8221;off&#8221; global_colors_info=&#8221;{}&#8221; theme_builder_area=&#8221;post_content&#8221;]<\/p>\n<p style=\"text-align: center;\">Academisch en praktisch onderzoek Docent familie-ondernemerschap<\/p>\n<p>[\/et_pb_blurb][\/et_pb_column][et_pb_column type=&#8221;1_4&#8243; _builder_version=&#8221;4.16&#8243; _module_preset=&#8221;default&#8221; global_colors_info=&#8221;{}&#8221; theme_builder_area=&#8221;post_content&#8221;][et_pb_blurb image=&#8221;https:\/\/cran.be\/wp-content\/uploads\/2024\/08\/Icones4.png&#8221; content_max_width=&#8221;100%&#8221; _builder_version=&#8221;4.27.0&#8243; _module_preset=&#8221;06969147-9a7c-4899-b0e6-f79cd0942a8e&#8221; header_level=&#8221;h2&#8243; header_font=&#8221;Oswald|500||on|||||&#8221; header_text_align=&#8221;center&#8221; header_text_color=&#8221;#E02B20&#8243; header_font_size=&#8221;20px&#8221; header_line_height=&#8221;1.3em&#8221; body_font=&#8221;Oswald|500||on|||||&#8221; body_text_color=&#8221;RGBA(0,0,0,0.55)&#8221; body_font_size=&#8221;27px&#8221; body_line_height=&#8221;1.6em&#8221; text_orientation=&#8221;center&#8221; background_layout=&#8221;dark&#8221; animation=&#8221;off&#8221; locked=&#8221;off&#8221; global_colors_info=&#8221;{}&#8221; theme_builder_area=&#8221;post_content&#8221;]<\/p>\n<p style=\"text-align: center;\"><span style=\"color: #993300;\">ANALYSE<\/span><\/p>\n<p>[\/et_pb_blurb][et_pb_blurb content_max_width=&#8221;100%&#8221; _builder_version=&#8221;4.27.0&#8243; _module_preset=&#8221;06969147-9a7c-4899-b0e6-f79cd0942a8e&#8221; header_level=&#8221;h2&#8243; header_font=&#8221;Oswald|500||on|||||&#8221; header_text_align=&#8221;center&#8221; header_text_color=&#8221;#E02B20&#8243; header_font_size=&#8221;20px&#8221; header_line_height=&#8221;1.3em&#8221; body_font=&#8221;Poppins|500|||||||&#8221; body_text_color=&#8221;RGBA(0,0,0,0.55)&#8221; body_font_size=&#8221;17px&#8221; body_line_height=&#8221;1.6em&#8221; text_orientation=&#8221;center&#8221; animation=&#8221;off&#8221; locked=&#8221;off&#8221; global_colors_info=&#8221;{}&#8221; theme_builder_area=&#8221;post_content&#8221;]<\/p>\n<p style=\"text-align: center;\">Diagnose van problemen met familiebestuur Creatie\/herziening van mechanismen voor familiebestuur<\/p>\n<p>[\/et_pb_blurb][\/et_pb_column][et_pb_column type=&#8221;1_4&#8243; _builder_version=&#8221;4.16&#8243; _module_preset=&#8221;default&#8221; global_colors_info=&#8221;{}&#8221; theme_builder_area=&#8221;post_content&#8221;][et_pb_blurb image=&#8221;https:\/\/cran.be\/wp-content\/uploads\/2024\/08\/Icones7.png&#8221; content_max_width=&#8221;100%&#8221; _builder_version=&#8221;4.27.0&#8243; _module_preset=&#8221;06969147-9a7c-4899-b0e6-f79cd0942a8e&#8221; header_level=&#8221;h2&#8243; header_font=&#8221;Oswald|500||on|||||&#8221; header_text_align=&#8221;center&#8221; header_text_color=&#8221;#E02B20&#8243; header_font_size=&#8221;20px&#8221; header_line_height=&#8221;1.3em&#8221; body_font=&#8221;Oswald|500||on|||||&#8221; body_text_color=&#8221;RGBA(0,0,0,0.55)&#8221; body_font_size=&#8221;27px&#8221; body_line_height=&#8221;1.6em&#8221; text_orientation=&#8221;center&#8221; background_layout=&#8221;dark&#8221; animation=&#8221;off&#8221; locked=&#8221;off&#8221; global_colors_info=&#8221;{}&#8221; theme_builder_area=&#8221;post_content&#8221;]<\/p>\n<p style=\"text-align: center;\"><span style=\"color: #993300;\">NEGOTIATIE<\/span><\/p>\n<p>[\/et_pb_blurb][et_pb_blurb content_max_width=&#8221;100%&#8221; _builder_version=&#8221;4.27.0&#8243; _module_preset=&#8221;06969147-9a7c-4899-b0e6-f79cd0942a8e&#8221; header_level=&#8221;h2&#8243; header_font=&#8221;Oswald|500||on|||||&#8221; header_text_align=&#8221;center&#8221; header_text_color=&#8221;#E02B20&#8243; header_font_size=&#8221;20px&#8221; header_line_height=&#8221;1.3em&#8221; body_font=&#8221;Poppins|500|||||||&#8221; body_text_color=&#8221;RGBA(0,0,0,0.55)&#8221; body_font_size=&#8221;17px&#8221; body_line_height=&#8221;1.6em&#8221; text_orientation=&#8221;center&#8221; animation=&#8221;off&#8221; locked=&#8221;off&#8221; global_colors_info=&#8221;{}&#8221; theme_builder_area=&#8221;post_content&#8221;]<\/p>\n<p style=\"text-align: center;\">Vergemakkelijken van de dialoog upstream\/downstream over kwesties waarbij verschillende sectoren\/generaties betrokken zijn<\/p>\n<p>[\/et_pb_blurb][\/et_pb_column][\/et_pb_row][\/et_pb_section]<\/p>\n","protected":false},"excerpt":{"rendered":"<p>Academische expertise en adviesbureau gespecialiseerd in het bestuur en de dynamiek van familiebedrijvenBruggen bouwen tussen onderzoek en praktijk om verschillende perspectieven, denkwijzen en oplossingen te bieden aan familiebedrijven en hun belanghebbendenCo\u00f6rdinatie &#8211; Onderzoek &#8211; Analyse &#8211; OnderhandelingProf. dr. Rapha\u00eblle Mattart Rm@cran.be Neem contact met mij op via LinkedInCRANCO\u00d6RDINATIECo\u00f6rdinatie van familiedynamiek als buitenstaander in bepaalde bestuursorganenZOEKAcademisch [&hellip;]<\/p>\n","protected":false},"author":2,"featured_media":0,"parent":0,"menu_order":0,"comment_status":"closed","ping_status":"closed","template":"","meta":{"_et_pb_use_builder":"on","_et_pb_old_content":"","_et_gb_content_width":"","footnotes":""},"class_list":["post-734","page","type-page","status-publish","hentry"],"_links":{"self":[{"href":"https:\/\/cran.be\/nl\/wp-json\/wp\/v2\/pages\/734","targetHints":{"allow":["GET"]}}],"collection":[{"href":"https:\/\/cran.be\/nl\/wp-json\/wp\/v2\/pages"}],"about":[{"href":"https:\/\/cran.be\/nl\/wp-json\/wp\/v2\/types\/page"}],"author":[{"embeddable":true,"href":"https:\/\/cran.be\/nl\/wp-json\/wp\/v2\/users\/2"}],"replies":[{"embeddable":true,"href":"https:\/\/cran.be\/nl\/wp-json\/wp\/v2\/comments?post=734"}],"version-history":[{"count":9,"href":"https:\/\/cran.be\/nl\/wp-json\/wp\/v2\/pages\/734\/revisions"}],"predecessor-version":[{"id":953,"href":"https:\/\/cran.be\/nl\/wp-json\/wp\/v2\/pages\/734\/revisions\/953"}],"wp:attachment":[{"href":"https:\/\/cran.be\/nl\/wp-json\/wp\/v2\/media?parent=734"}],"curies":[{"name":"wp","href":"https:\/\/api.w.org\/{rel}","templated":true}]}}